{"id":32,"date":"2024-11-23T08:13:20","date_gmt":"2024-11-23T08:13:20","guid":{"rendered":"https:\/\/dekome.de\/?page_id=32"},"modified":"2024-12-03T09:36:31","modified_gmt":"2024-12-03T09:36:31","slug":"balkone","status":"publish","type":"page","link":"https:\/\/dekome.de\/?page_id=32","title":{"rendered":"Balkone &amp; Gel\u00e4nder"},"content":{"rendered":"\n<p>Ein Balkon bzw. ein -gel\u00e4nder soll \u00e4sthetisch wirken, aber vor allem auch Sicherheit bieten. Unsere Balkon(-gel\u00e4nder) werden nach Ihren individuellen W\u00fcnschen gefertigt: Sie k\u00f6nnen zwischen Konstruktionen in Stahl verzinkt und lackiert oder Edelstahl w\u00e4hlen. Bei den Balkonbel\u00e4gen haben Sie die Auwahl zwischen Holz, WPC oder Steinplatten. Die Ausf\u00fchrung der Gel\u00e4nder k\u00f6nnen wir als Sichtschutz mit undurchsichtigen F\u00fcllelementen oder offen mit Stab- oder Glasf\u00fcllung f\u00fcr Sie gestalten. In einem pers\u00f6nlichen Gespr\u00e4ch beratern wir Sie gerne bei der L\u00f6sung.<\/p>\n\n\n\n<p><\/p>\n\n\n\n<figure class=\"wp-block-gallery has-nested-images columns-default is-cropped wp-block-gallery-1 is-layout-flex wp-block-gallery-is-layout-flex\">\n<figure class=\"wp-block-image size-large\"><img loading=\"lazy\" decoding=\"async\" width=\"768\" height=\"1024\" data-id=\"105\" src=\"https:\/\/dekome.de\/wp-content\/uploads\/2024\/12\/e658a0d4-f54f-4e90-8b08-13301842058b-768x1024.jpg\" alt=\"\" class=\"wp-image-105\" srcset=\"https:\/\/dekome.de\/wp-content\/uploads\/2024\/12\/e658a0d4-f54f-4e90-8b08-13301842058b-768x1023.jpg 768w, https:\/\/dekome.de\/wp-content\/uploads\/2024\/12\/e658a0d4-f54f-4e90-8b08-13301842058b-225x300.jpg 225w, https:\/\/dekome.de\/wp-content\/uploads\/2024\/12\/e658a0d4-f54f-4e90-8b08-13301842058b-1153x1536.jpg 1153w, https:\/\/dekome.de\/wp-content\/uploads\/2024\/12\/e658a0d4-f54f-4e90-8b08-13301842058b.jpg 1200w\" sizes=\"auto, (max-width: 767px) 89vw, (max-width: 1000px) 54vw, (max-width: 1071px) 543px, 580px\" \/><\/figure>\n\n\n\n<figure class=\"wp-block-image size-large\"><img loading=\"lazy\" decoding=\"async\" width=\"1024\" height=\"768\" data-id=\"107\" src=\"https:\/\/dekome.de\/wp-content\/uploads\/2024\/12\/IMG_0398-1024x768.jpg\" alt=\"\" class=\"wp-image-107\" srcset=\"https:\/\/dekome.de\/wp-content\/uploads\/2024\/12\/IMG_0398-1024x768.jpg 1024w, https:\/\/dekome.de\/wp-content\/uploads\/2024\/12\/IMG_0398-300x225.jpg 300w, https:\/\/dekome.de\/wp-content\/uploads\/2024\/12\/IMG_0398-768x576.jpg 768w, https:\/\/dekome.de\/wp-content\/uploads\/2024\/12\/IMG_0398-1536x1152.jpg 1536w, https:\/\/dekome.de\/wp-content\/uploads\/2024\/12\/IMG_0398-2048x1536.jpg 2048w\" sizes=\"auto, (max-width: 767px) 89vw, (max-width: 1000px) 54vw, (max-width: 1071px) 543px, 580px\" \/><\/figure>\n\n\n\n<figure class=\"wp-block-image size-large\"><img loading=\"lazy\" decoding=\"async\" width=\"1024\" height=\"767\" data-id=\"108\" src=\"https:\/\/dekome.de\/wp-content\/uploads\/2024\/12\/IMG_0882-1024x767.jpg\" alt=\"\" class=\"wp-image-108\" srcset=\"https:\/\/dekome.de\/wp-content\/uploads\/2024\/12\/IMG_0882-1024x767.jpg 1024w, https:\/\/dekome.de\/wp-content\/uploads\/2024\/12\/IMG_0882-300x225.jpg 300w, https:\/\/dekome.de\/wp-content\/uploads\/2024\/12\/IMG_0882-768x575.jpg 768w, https:\/\/dekome.de\/wp-content\/uploads\/2024\/12\/IMG_0882-1536x1151.jpg 1536w, https:\/\/dekome.de\/wp-content\/uploads\/2024\/12\/IMG_0882-2048x1534.jpg 2048w\" sizes=\"auto, (max-width: 767px) 89vw, (max-width: 1000px) 54vw, (max-width: 1071px) 543px, 580px\" \/><\/figure>\n\n\n\n<figure class=\"wp-block-image size-large\"><img loading=\"lazy\" decoding=\"async\" width=\"768\" height=\"1024\" data-id=\"109\" src=\"https:\/\/dekome.de\/wp-content\/uploads\/2024\/12\/IMG_1589-768x1024.jpg\" alt=\"\" class=\"wp-image-109\" srcset=\"https:\/\/dekome.de\/wp-content\/uploads\/2024\/12\/IMG_1589-768x1024.jpg 768w, https:\/\/dekome.de\/wp-content\/uploads\/2024\/12\/IMG_1589-225x300.jpg 225w, https:\/\/dekome.de\/wp-content\/uploads\/2024\/12\/IMG_1589-1152x1536.jpg 1152w, https:\/\/dekome.de\/wp-content\/uploads\/2024\/12\/IMG_1589-1536x2048.jpg 1536w, https:\/\/dekome.de\/wp-content\/uploads\/2024\/12\/IMG_1589-scaled.jpg 1920w\" sizes=\"auto, (max-width: 767px) 89vw, (max-width: 1000px) 54vw, (max-width: 1071px) 543px, 580px\" \/><\/figure>\n\n\n\n<figure class=\"wp-block-image size-large\"><img loading=\"lazy\" decoding=\"async\" width=\"1024\" height=\"768\" data-id=\"110\" src=\"https:\/\/dekome.de\/wp-content\/uploads\/2024\/12\/IMG_2046-1024x768.jpg\" alt=\"\" class=\"wp-image-110\" srcset=\"https:\/\/dekome.de\/wp-content\/uploads\/2024\/12\/IMG_2046-1024x768.jpg 1024w, https:\/\/dekome.de\/wp-content\/uploads\/2024\/12\/IMG_2046-300x225.jpg 300w, https:\/\/dekome.de\/wp-content\/uploads\/2024\/12\/IMG_2046-768x576.jpg 768w, https:\/\/dekome.de\/wp-content\/uploads\/2024\/12\/IMG_2046-1536x1152.jpg 1536w, https:\/\/dekome.de\/wp-content\/uploads\/2024\/12\/IMG_2046-2048x1536.jpg 2048w\" sizes=\"auto, (max-width: 767px) 89vw, (max-width: 1000px) 54vw, (max-width: 1071px) 543px, 580px\" \/><\/figure>\n\n\n\n<figure class=\"wp-block-image size-large\"><img loading=\"lazy\" decoding=\"async\" width=\"768\" height=\"1024\" data-id=\"111\" src=\"https:\/\/dekome.de\/wp-content\/uploads\/2024\/12\/IMG_2108-768x1024.jpg\" alt=\"\" class=\"wp-image-111\" srcset=\"https:\/\/dekome.de\/wp-content\/uploads\/2024\/12\/IMG_2108-768x1024.jpg 768w, https:\/\/dekome.de\/wp-content\/uploads\/2024\/12\/IMG_2108-225x300.jpg 225w, https:\/\/dekome.de\/wp-content\/uploads\/2024\/12\/IMG_2108-1152x1536.jpg 1152w, https:\/\/dekome.de\/wp-content\/uploads\/2024\/12\/IMG_2108-1536x2048.jpg 1536w, https:\/\/dekome.de\/wp-content\/uploads\/2024\/12\/IMG_2108-scaled.jpg 1920w\" sizes=\"auto, (max-width: 767px) 89vw, (max-width: 1000px) 54vw, (max-width: 1071px) 543px, 580px\" \/><\/figure>\n\n\n\n<figure class=\"wp-block-image size-large\"><img loading=\"lazy\" decoding=\"async\" width=\"960\" height=\"720\" data-id=\"112\" src=\"https:\/\/dekome.de\/wp-content\/uploads\/2024\/12\/IMG_2915.jpg\" alt=\"\" class=\"wp-image-112\" srcset=\"https:\/\/dekome.de\/wp-content\/uploads\/2024\/12\/IMG_2915.jpg 960w, https:\/\/dekome.de\/wp-content\/uploads\/2024\/12\/IMG_2915-300x225.jpg 300w, https:\/\/dekome.de\/wp-content\/uploads\/2024\/12\/IMG_2915-768x576.jpg 768w\" sizes=\"auto, (max-width: 767px) 89vw, (max-width: 1000px) 54vw, (max-width: 1071px) 543px, 580px\" \/><\/figure>\n\n\n\n<figure class=\"wp-block-image size-large\"><img loading=\"lazy\" decoding=\"async\" width=\"1024\" height=\"817\" data-id=\"113\" src=\"https:\/\/dekome.de\/wp-content\/uploads\/2024\/12\/IMG_3211-1024x817.jpg\" alt=\"\" class=\"wp-image-113\" srcset=\"https:\/\/dekome.de\/wp-content\/uploads\/2024\/12\/IMG_3211-1024x817.jpg 1024w, https:\/\/dekome.de\/wp-content\/uploads\/2024\/12\/IMG_3211-300x239.jpg 300w, https:\/\/dekome.de\/wp-content\/uploads\/2024\/12\/IMG_3211-768x613.jpg 768w, https:\/\/dekome.de\/wp-content\/uploads\/2024\/12\/IMG_3211-1536x1226.jpg 1536w, https:\/\/dekome.de\/wp-content\/uploads\/2024\/12\/IMG_3211-2048x1635.jpg 2048w\" sizes=\"auto, (max-width: 767px) 89vw, (max-width: 1000px) 54vw, (max-width: 1071px) 543px, 580px\" \/><\/figure>\n\n\n\n<figure class=\"wp-block-image size-large\"><img loading=\"lazy\" decoding=\"async\" width=\"1024\" height=\"768\" data-id=\"114\" src=\"https:\/\/dekome.de\/wp-content\/uploads\/2024\/12\/IMG_3736-1024x768.jpg\" alt=\"\" class=\"wp-image-114\" srcset=\"https:\/\/dekome.de\/wp-content\/uploads\/2024\/12\/IMG_3736-1024x768.jpg 1024w, https:\/\/dekome.de\/wp-content\/uploads\/2024\/12\/IMG_3736-300x225.jpg 300w, https:\/\/dekome.de\/wp-content\/uploads\/2024\/12\/IMG_3736-768x576.jpg 768w, https:\/\/dekome.de\/wp-content\/uploads\/2024\/12\/IMG_3736-1536x1152.jpg 1536w, https:\/\/dekome.de\/wp-content\/uploads\/2024\/12\/IMG_3736-2048x1536.jpg 2048w\" sizes=\"auto, (max-width: 767px) 89vw, (max-width: 1000px) 54vw, (max-width: 1071px) 543px, 580px\" \/><\/figure>\n\n\n\n<figure class=\"wp-block-image size-large\"><img loading=\"lazy\" decoding=\"async\" width=\"768\" height=\"1024\" data-id=\"120\" src=\"https:\/\/dekome.de\/wp-content\/uploads\/2024\/12\/IMG_3737-768x1024.jpg\" alt=\"\" class=\"wp-image-120\" srcset=\"https:\/\/dekome.de\/wp-content\/uploads\/2024\/12\/IMG_3737-768x1024.jpg 768w, https:\/\/dekome.de\/wp-content\/uploads\/2024\/12\/IMG_3737-225x300.jpg 225w, https:\/\/dekome.de\/wp-content\/uploads\/2024\/12\/IMG_3737-1152x1536.jpg 1152w, https:\/\/dekome.de\/wp-content\/uploads\/2024\/12\/IMG_3737-1536x2048.jpg 1536w, https:\/\/dekome.de\/wp-content\/uploads\/2024\/12\/IMG_3737-scaled.jpg 1920w\" sizes=\"auto, (max-width: 767px) 89vw, (max-width: 1000px) 54vw, (max-width: 1071px) 543px, 580px\" \/><\/figure>\n\n\n\n<figure class=\"wp-block-image size-large\"><img loading=\"lazy\" decoding=\"async\" width=\"768\" height=\"1024\" data-id=\"115\" src=\"https:\/\/dekome.de\/wp-content\/uploads\/2024\/12\/IMG_4097-768x1024.jpg\" alt=\"\" class=\"wp-image-115\" srcset=\"https:\/\/dekome.de\/wp-content\/uploads\/2024\/12\/IMG_4097-768x1024.jpg 768w, https:\/\/dekome.de\/wp-content\/uploads\/2024\/12\/IMG_4097-225x300.jpg 225w, https:\/\/dekome.de\/wp-content\/uploads\/2024\/12\/IMG_4097-1152x1536.jpg 1152w, https:\/\/dekome.de\/wp-content\/uploads\/2024\/12\/IMG_4097-1536x2048.jpg 1536w, https:\/\/dekome.de\/wp-content\/uploads\/2024\/12\/IMG_4097-scaled.jpg 1920w\" sizes=\"auto, (max-width: 767px) 89vw, (max-width: 1000px) 54vw, (max-width: 1071px) 543px, 580px\" \/><\/figure>\n\n\n\n<figure class=\"wp-block-image size-large\"><img loading=\"lazy\" decoding=\"async\" width=\"754\" height=\"1024\" data-id=\"116\" src=\"https:\/\/dekome.de\/wp-content\/uploads\/2024\/12\/IMG_4096-754x1024.jpg\" alt=\"\" class=\"wp-image-116\" srcset=\"https:\/\/dekome.de\/wp-content\/uploads\/2024\/12\/IMG_4096-754x1024.jpg 754w, https:\/\/dekome.de\/wp-content\/uploads\/2024\/12\/IMG_4096-221x300.jpg 221w, https:\/\/dekome.de\/wp-content\/uploads\/2024\/12\/IMG_4096-768x1042.jpg 768w, https:\/\/dekome.de\/wp-content\/uploads\/2024\/12\/IMG_4096-1132x1536.jpg 1132w, https:\/\/dekome.de\/wp-content\/uploads\/2024\/12\/IMG_4096-1509x2048.jpg 1509w, https:\/\/dekome.de\/wp-content\/uploads\/2024\/12\/IMG_4096-scaled.jpg 1886w\" sizes=\"auto, (max-width: 706px) 89vw, (max-width: 767px) 82vw, 740px\" \/><\/figure>\n\n\n\n<figure class=\"wp-block-image size-large\"><img loading=\"lazy\" decoding=\"async\" width=\"1024\" height=\"768\" data-id=\"117\" src=\"https:\/\/dekome.de\/wp-content\/uploads\/2024\/12\/IMG_3844-1024x768.jpg\" alt=\"\" class=\"wp-image-117\" srcset=\"https:\/\/dekome.de\/wp-content\/uploads\/2024\/12\/IMG_3844-1024x768.jpg 1024w, https:\/\/dekome.de\/wp-content\/uploads\/2024\/12\/IMG_3844-300x225.jpg 300w, https:\/\/dekome.de\/wp-content\/uploads\/2024\/12\/IMG_3844-768x576.jpg 768w, https:\/\/dekome.de\/wp-content\/uploads\/2024\/12\/IMG_3844-1536x1152.jpg 1536w, https:\/\/dekome.de\/wp-content\/uploads\/2024\/12\/IMG_3844-2048x1536.jpg 2048w\" sizes=\"auto, (max-width: 767px) 89vw, (max-width: 1000px) 54vw, (max-width: 1071px) 543px, 580px\" \/><\/figure>\n\n\n\n<figure class=\"wp-block-image size-large\"><img loading=\"lazy\" decoding=\"async\" width=\"1024\" height=\"768\" data-id=\"118\" src=\"https:\/\/dekome.de\/wp-content\/uploads\/2024\/12\/IMG_3815-1024x768.jpg\" alt=\"\" class=\"wp-image-118\" srcset=\"https:\/\/dekome.de\/wp-content\/uploads\/2024\/12\/IMG_3815-1024x768.jpg 1024w, https:\/\/dekome.de\/wp-content\/uploads\/2024\/12\/IMG_3815-300x225.jpg 300w, https:\/\/dekome.de\/wp-content\/uploads\/2024\/12\/IMG_3815-768x576.jpg 768w, https:\/\/dekome.de\/wp-content\/uploads\/2024\/12\/IMG_3815-1536x1152.jpg 1536w, https:\/\/dekome.de\/wp-content\/uploads\/2024\/12\/IMG_3815-2048x1536.jpg 2048w\" sizes=\"auto, (max-width: 767px) 89vw, (max-width: 1000px) 54vw, (max-width: 1071px) 543px, 580px\" \/><\/figure>\n\n\n\n<figure class=\"wp-block-image size-large\"><img loading=\"lazy\" decoding=\"async\" width=\"1024\" height=\"768\" data-id=\"119\" src=\"https:\/\/dekome.de\/wp-content\/uploads\/2024\/12\/IMG_3814-1024x768.jpg\" alt=\"\" class=\"wp-image-119\" srcset=\"https:\/\/dekome.de\/wp-content\/uploads\/2024\/12\/IMG_3814-1024x768.jpg 1024w, https:\/\/dekome.de\/wp-content\/uploads\/2024\/12\/IMG_3814-300x225.jpg 300w, https:\/\/dekome.de\/wp-content\/uploads\/2024\/12\/IMG_3814-768x576.jpg 768w, https:\/\/dekome.de\/wp-content\/uploads\/2024\/12\/IMG_3814-1536x1152.jpg 1536w, https:\/\/dekome.de\/wp-content\/uploads\/2024\/12\/IMG_3814-2048x1536.jpg 2048w\" sizes=\"auto, (max-width: 767px) 89vw, (max-width: 1000px) 54vw, (max-width: 1071px) 543px, 580px\" \/><\/figure>\n<\/figure>\n","protected":false},"excerpt":{"rendered":"<p>Ein Balkon bzw. ein -gel\u00e4nder soll \u00e4sthetisch wirken, aber vor allem auch Sicherheit bieten. Unsere Balkon(-gel\u00e4nder) werden nach Ihren individuellen W\u00fcnschen gefertigt: Sie k\u00f6nnen zwischen Konstruktionen in Stahl verzinkt und lackiert oder Edelstahl w\u00e4hlen. Bei den Balkonbel\u00e4gen haben Sie die Auwahl zwischen Holz, WPC oder Steinplatten. Die Ausf\u00fchrung der Gel\u00e4nder k\u00f6nnen wir als Sichtschutz mit &hellip; <\/p>\n<p class=\"link-more\"><a href=\"https:\/\/dekome.de\/?page_id=32\" class=\"more-link\"><span class=\"screen-reader-text\">\u201eBalkone &amp; Gel\u00e4nder\u201c <\/span>weiterlesen<\/a><\/p>\n","protected":false},"author":1,"featured_media":172,"parent":0,"menu_order":0,"comment_status":"closed","ping_status":"closed","template":"","meta":{"footnotes":""},"class_list":["post-32","page","type-page","status-publish","has-post-thumbnail","hentry"],"_links":{"self":[{"href":"https:\/\/dekome.de\/index.php?rest_route=\/wp\/v2\/pages\/32","targetHints":{"allow":["GET"]}}],"collection":[{"href":"https:\/\/dekome.de\/index.php?rest_route=\/wp\/v2\/pages"}],"about":[{"href":"https:\/\/dekome.de\/index.php?rest_route=\/wp\/v2\/types\/page"}],"author":[{"embeddable":true,"href":"https:\/\/dekome.de\/index.php?rest_route=\/wp\/v2\/users\/1"}],"replies":[{"embeddable":true,"href":"https:\/\/dekome.de\/index.php?rest_route=%2Fwp%2Fv2%2Fcomments&post=32"}],"version-history":[{"count":6,"href":"https:\/\/dekome.de\/index.php?rest_route=\/wp\/v2\/pages\/32\/revisions"}],"predecessor-version":[{"id":121,"href":"https:\/\/dekome.de\/index.php?rest_route=\/wp\/v2\/pages\/32\/revisions\/121"}],"wp:featuredmedia":[{"embeddable":true,"href":"https:\/\/dekome.de\/index.php?rest_route=\/wp\/v2\/media\/172"}],"wp:attachment":[{"href":"https:\/\/dekome.de\/index.php?rest_route=%2Fwp%2Fv2%2Fmedia&parent=32"}],"curies":[{"name":"wp","href":"https:\/\/api.w.org\/{rel}","templated":true}]}}