{"id":84,"date":"2024-12-02T08:31:04","date_gmt":"2024-12-02T08:31:04","guid":{"rendered":"https:\/\/dekome.de\/?page_id=84"},"modified":"2024-12-03T09:34:29","modified_gmt":"2024-12-03T09:34:29","slug":"treppen","status":"publish","type":"page","link":"https:\/\/dekome.de\/?page_id=84","title":{"rendered":"Treppen"},"content":{"rendered":"\n<p>Nach einer ausf\u00fchrlichen Beratung, erfolgt unsere Planung und die anschlie\u00dfende professionelle Montage. Die Grundkonsturkion der Treppe besteht aus Stahl oder Edelstahl. Der Stufenbelag kann in Holz, Metall, Stein oder Glas ausgef\u00fchrt werden. Hierbei haben Sie die Wahl zwischen folgenden Treppenarten f\u00fcr den Innen- und Au\u00dfenbereich:<br><br>\u2022 Wangentreppen<\/p>\n\n\n\n<p>\u2022 Holztreppen<\/p>\n\n\n\n<p>\u2022 Spindeltreppen<\/p>\n\n\n\n<p>\u2022 Faltwerktreppen<\/p>\n\n\n\n<p>\u2022 Raumspartreppen<\/p>\n\n\n\n<figure class=\"wp-block-gallery has-nested-images columns-default is-cropped wp-block-gallery-1 is-layout-flex wp-block-gallery-is-layout-flex\">\n<figure class=\"wp-block-image size-large\"><img loading=\"lazy\" decoding=\"async\" width=\"768\" height=\"1024\" data-id=\"161\" src=\"https:\/\/dekome.de\/wp-content\/uploads\/2024\/12\/IMG_0662-768x1024.jpg\" alt=\"\" class=\"wp-image-161\" srcset=\"https:\/\/dekome.de\/wp-content\/uploads\/2024\/12\/IMG_0662-768x1024.jpg 768w, https:\/\/dekome.de\/wp-content\/uploads\/2024\/12\/IMG_0662-225x300.jpg 225w, https:\/\/dekome.de\/wp-content\/uploads\/2024\/12\/IMG_0662-1152x1536.jpg 1152w, https:\/\/dekome.de\/wp-content\/uploads\/2024\/12\/IMG_0662-1536x2048.jpg 1536w, https:\/\/dekome.de\/wp-content\/uploads\/2024\/12\/IMG_0662-scaled.jpg 1920w\" sizes=\"auto, (max-width: 767px) 89vw, (max-width: 1000px) 54vw, (max-width: 1071px) 543px, 580px\" \/><\/figure>\n\n\n\n<figure class=\"wp-block-image size-large\"><img loading=\"lazy\" decoding=\"async\" width=\"720\" height=\"540\" data-id=\"160\" src=\"https:\/\/dekome.de\/wp-content\/uploads\/2024\/12\/IMG_0191.jpg\" alt=\"\" class=\"wp-image-160\" srcset=\"https:\/\/dekome.de\/wp-content\/uploads\/2024\/12\/IMG_0191.jpg 720w, https:\/\/dekome.de\/wp-content\/uploads\/2024\/12\/IMG_0191-300x225.jpg 300w\" sizes=\"auto, (max-width: 720px) 100vw, 720px\" \/><\/figure>\n\n\n\n<figure class=\"wp-block-image size-large\"><img loading=\"lazy\" decoding=\"async\" width=\"768\" height=\"1024\" data-id=\"159\" src=\"https:\/\/dekome.de\/wp-content\/uploads\/2024\/12\/e658a0d4-f54f-4e90-8b08-13301842058b-2-768x1024.jpg\" alt=\"\" class=\"wp-image-159\" srcset=\"https:\/\/dekome.de\/wp-content\/uploads\/2024\/12\/e658a0d4-f54f-4e90-8b08-13301842058b-2-768x1023.jpg 768w, https:\/\/dekome.de\/wp-content\/uploads\/2024\/12\/e658a0d4-f54f-4e90-8b08-13301842058b-2-225x300.jpg 225w, https:\/\/dekome.de\/wp-content\/uploads\/2024\/12\/e658a0d4-f54f-4e90-8b08-13301842058b-2-1153x1536.jpg 1153w, https:\/\/dekome.de\/wp-content\/uploads\/2024\/12\/e658a0d4-f54f-4e90-8b08-13301842058b-2.jpg 1200w\" sizes=\"auto, (max-width: 767px) 89vw, (max-width: 1000px) 54vw, (max-width: 1071px) 543px, 580px\" \/><\/figure>\n\n\n\n<figure class=\"wp-block-image size-large\"><img loading=\"lazy\" decoding=\"async\" width=\"768\" height=\"1024\" data-id=\"163\" src=\"https:\/\/dekome.de\/wp-content\/uploads\/2024\/12\/IMG_0996-768x1024.jpg\" alt=\"\" class=\"wp-image-163\" srcset=\"https:\/\/dekome.de\/wp-content\/uploads\/2024\/12\/IMG_0996-768x1024.jpg 768w, https:\/\/dekome.de\/wp-content\/uploads\/2024\/12\/IMG_0996-225x300.jpg 225w, https:\/\/dekome.de\/wp-content\/uploads\/2024\/12\/IMG_0996-1152x1536.jpg 1152w, https:\/\/dekome.de\/wp-content\/uploads\/2024\/12\/IMG_0996-1536x2048.jpg 1536w, https:\/\/dekome.de\/wp-content\/uploads\/2024\/12\/IMG_0996-scaled.jpg 1920w\" sizes=\"auto, (max-width: 767px) 89vw, (max-width: 1000px) 54vw, (max-width: 1071px) 543px, 580px\" \/><\/figure>\n\n\n\n<figure class=\"wp-block-image size-large\"><img loading=\"lazy\" decoding=\"async\" width=\"768\" height=\"1024\" data-id=\"164\" src=\"https:\/\/dekome.de\/wp-content\/uploads\/2024\/12\/IMG_2115-768x1024.jpg\" alt=\"\" class=\"wp-image-164\" srcset=\"https:\/\/dekome.de\/wp-content\/uploads\/2024\/12\/IMG_2115-768x1024.jpg 768w, https:\/\/dekome.de\/wp-content\/uploads\/2024\/12\/IMG_2115-225x300.jpg 225w, https:\/\/dekome.de\/wp-content\/uploads\/2024\/12\/IMG_2115-1152x1536.jpg 1152w, https:\/\/dekome.de\/wp-content\/uploads\/2024\/12\/IMG_2115-1536x2048.jpg 1536w, https:\/\/dekome.de\/wp-content\/uploads\/2024\/12\/IMG_2115-scaled.jpg 1920w\" sizes=\"auto, (max-width: 767px) 89vw, (max-width: 1000px) 54vw, (max-width: 1071px) 543px, 580px\" \/><\/figure>\n\n\n\n<figure class=\"wp-block-image size-large\"><img loading=\"lazy\" decoding=\"async\" width=\"1024\" height=\"768\" data-id=\"165\" src=\"https:\/\/dekome.de\/wp-content\/uploads\/2024\/12\/IMG_2304-1024x768.jpg\" alt=\"\" class=\"wp-image-165\" srcset=\"https:\/\/dekome.de\/wp-content\/uploads\/2024\/12\/IMG_2304-1024x768.jpg 1024w, https:\/\/dekome.de\/wp-content\/uploads\/2024\/12\/IMG_2304-300x225.jpg 300w, https:\/\/dekome.de\/wp-content\/uploads\/2024\/12\/IMG_2304-768x576.jpg 768w, https:\/\/dekome.de\/wp-content\/uploads\/2024\/12\/IMG_2304-1536x1152.jpg 1536w, https:\/\/dekome.de\/wp-content\/uploads\/2024\/12\/IMG_2304-2048x1536.jpg 2048w\" sizes=\"auto, (max-width: 767px) 89vw, (max-width: 1000px) 54vw, (max-width: 1071px) 543px, 580px\" \/><\/figure>\n\n\n\n<figure class=\"wp-block-image size-large\"><img loading=\"lazy\" decoding=\"async\" width=\"768\" height=\"1024\" data-id=\"166\" src=\"https:\/\/dekome.de\/wp-content\/uploads\/2024\/12\/IMG_2679-768x1024.jpg\" alt=\"\" class=\"wp-image-166\" srcset=\"https:\/\/dekome.de\/wp-content\/uploads\/2024\/12\/IMG_2679-768x1024.jpg 768w, https:\/\/dekome.de\/wp-content\/uploads\/2024\/12\/IMG_2679-225x300.jpg 225w, https:\/\/dekome.de\/wp-content\/uploads\/2024\/12\/IMG_2679-1152x1536.jpg 1152w, https:\/\/dekome.de\/wp-content\/uploads\/2024\/12\/IMG_2679-1536x2048.jpg 1536w, https:\/\/dekome.de\/wp-content\/uploads\/2024\/12\/IMG_2679-scaled.jpg 1920w\" sizes=\"auto, (max-width: 767px) 89vw, (max-width: 1000px) 54vw, (max-width: 1071px) 543px, 580px\" \/><\/figure>\n\n\n\n<figure class=\"wp-block-image size-large\"><img loading=\"lazy\" decoding=\"async\" width=\"768\" height=\"1024\" data-id=\"167\" src=\"https:\/\/dekome.de\/wp-content\/uploads\/2024\/12\/IMG_2680-768x1024.jpg\" alt=\"\" class=\"wp-image-167\" srcset=\"https:\/\/dekome.de\/wp-content\/uploads\/2024\/12\/IMG_2680-768x1024.jpg 768w, https:\/\/dekome.de\/wp-content\/uploads\/2024\/12\/IMG_2680-225x300.jpg 225w, https:\/\/dekome.de\/wp-content\/uploads\/2024\/12\/IMG_2680-1152x1536.jpg 1152w, https:\/\/dekome.de\/wp-content\/uploads\/2024\/12\/IMG_2680-1536x2048.jpg 1536w, https:\/\/dekome.de\/wp-content\/uploads\/2024\/12\/IMG_2680-scaled.jpg 1920w\" sizes=\"auto, (max-width: 767px) 89vw, (max-width: 1000px) 54vw, (max-width: 1071px) 543px, 580px\" \/><\/figure>\n\n\n\n<figure class=\"wp-block-image size-large\"><img loading=\"lazy\" decoding=\"async\" width=\"768\" height=\"1024\" data-id=\"168\" src=\"https:\/\/dekome.de\/wp-content\/uploads\/2024\/12\/IMG_4097-1-768x1024.jpg\" alt=\"\" class=\"wp-image-168\" srcset=\"https:\/\/dekome.de\/wp-content\/uploads\/2024\/12\/IMG_4097-1-768x1024.jpg 768w, https:\/\/dekome.de\/wp-content\/uploads\/2024\/12\/IMG_4097-1-225x300.jpg 225w, https:\/\/dekome.de\/wp-content\/uploads\/2024\/12\/IMG_4097-1-1152x1536.jpg 1152w, https:\/\/dekome.de\/wp-content\/uploads\/2024\/12\/IMG_4097-1-1536x2048.jpg 1536w, https:\/\/dekome.de\/wp-content\/uploads\/2024\/12\/IMG_4097-1-scaled.jpg 1920w\" sizes=\"auto, (max-width: 767px) 89vw, (max-width: 1000px) 54vw, (max-width: 1071px) 543px, 580px\" \/><\/figure>\n\n\n\n<figure class=\"wp-block-image size-large\"><img loading=\"lazy\" decoding=\"async\" width=\"1024\" height=\"1010\" data-id=\"162\" src=\"https:\/\/dekome.de\/wp-content\/uploads\/2024\/12\/IMG_0748-1024x1010.jpg\" alt=\"\" class=\"wp-image-162\" srcset=\"https:\/\/dekome.de\/wp-content\/uploads\/2024\/12\/IMG_0748-1024x1010.jpg 1024w, https:\/\/dekome.de\/wp-content\/uploads\/2024\/12\/IMG_0748-300x296.jpg 300w, https:\/\/dekome.de\/wp-content\/uploads\/2024\/12\/IMG_0748-768x758.jpg 768w, https:\/\/dekome.de\/wp-content\/uploads\/2024\/12\/IMG_0748-100x100.jpg 100w, https:\/\/dekome.de\/wp-content\/uploads\/2024\/12\/IMG_0748.jpg 1117w\" sizes=\"auto, (max-width: 767px) 89vw, (max-width: 1000px) 54vw, (max-width: 1071px) 543px, 580px\" \/><\/figure>\n<\/figure>\n","protected":false},"excerpt":{"rendered":"<p>Nach einer ausf\u00fchrlichen Beratung, erfolgt unsere Planung und die anschlie\u00dfende professionelle Montage. Die Grundkonsturkion der Treppe besteht aus Stahl oder Edelstahl. Der Stufenbelag kann in Holz, Metall, Stein oder Glas ausgef\u00fchrt werden. Hierbei haben Sie die Wahl zwischen folgenden Treppenarten f\u00fcr den Innen- und Au\u00dfenbereich: \u2022 Wangentreppen \u2022 Holztreppen \u2022 Spindeltreppen \u2022 Faltwerktreppen \u2022 Raumspartreppen<\/p>\n","protected":false},"author":1,"featured_media":165,"parent":0,"menu_order":0,"comment_status":"closed","ping_status":"closed","template":"","meta":{"footnotes":""},"class_list":["post-84","page","type-page","status-publish","has-post-thumbnail","hentry"],"_links":{"self":[{"href":"https:\/\/dekome.de\/index.php?rest_route=\/wp\/v2\/pages\/84","targetHints":{"allow":["GET"]}}],"collection":[{"href":"https:\/\/dekome.de\/index.php?rest_route=\/wp\/v2\/pages"}],"about":[{"href":"https:\/\/dekome.de\/index.php?rest_route=\/wp\/v2\/types\/page"}],"author":[{"embeddable":true,"href":"https:\/\/dekome.de\/index.php?rest_route=\/wp\/v2\/users\/1"}],"replies":[{"embeddable":true,"href":"https:\/\/dekome.de\/index.php?rest_route=%2Fwp%2Fv2%2Fcomments&post=84"}],"version-history":[{"count":6,"href":"https:\/\/dekome.de\/index.php?rest_route=\/wp\/v2\/pages\/84\/revisions"}],"predecessor-version":[{"id":171,"href":"https:\/\/dekome.de\/index.php?rest_route=\/wp\/v2\/pages\/84\/revisions\/171"}],"wp:featuredmedia":[{"embeddable":true,"href":"https:\/\/dekome.de\/index.php?rest_route=\/wp\/v2\/media\/165"}],"wp:attachment":[{"href":"https:\/\/dekome.de\/index.php?rest_route=%2Fwp%2Fv2%2Fmedia&parent=84"}],"curies":[{"name":"wp","href":"https:\/\/api.w.org\/{rel}","templated":true}]}}